{"id":4,"date":"2021-03-13T14:22:23","date_gmt":"2021-03-13T13:22:23","guid":{"rendered":"http:\/\/www.dan.sperber.fr\/?page_id=4"},"modified":"2021-03-18T23:22:27","modified_gmt":"2021-03-18T22:22:27","slug":"biographie","status":"publish","type":"page","link":"https:\/\/www.dan.sperber.fr\/?page_id=4","title":{"rendered":"Biographie"},"content":{"rendered":"<p>Dan Sperber est un chercheur en philosophie, sciences sociales et sciences cognitives. Il est chercheur \u00e0 l\u2019<a href=\"http:\/\/www.institutnicod.org\/\">Institut Jean Nicod<\/a> \u00e0 Paris et professeur dans les d\u00e9partements de philosophie et de science cognitive de la <a href=\"http:\/\/ceu.edu\">Central European University<\/a> \u00e0 Budapest.<\/p>\n<p>Il est l&#8217;auteur de nombreux articles d\u2019anthropologie, de linguistique, de philosophie et de psychologie et de sept livres\u00a0: <em>Le Structuralisme en anthropologie<\/em> (Seuil 1968\/1973), <em>Le Symbolisme en g\u00e9n\u00e9ral<\/em> (Hermann 1974), <em>Le Savoir des anthropologues <\/em>(Hermann 1982), et <em>La Contagion des Id\u00e9es<\/em> (Odile Jacob 1996) et, en collaboration avec Deirdre Wilson,\u00a0<em>La Pertinence, Communication et Cognition<\/em>\u00a0(Minuit 1989 &#8211; Seconde Edition r\u00e9vis\u00e9e en anglais:\u00a0<em>Relevance: Communication and Cognition Second Edition<\/em>, Blackwell 1995) et <em>Relevance and meaning<\/em>\u00a0(Cambridge UP, 2012); en collaboration avec Hugo Mercier: The <em>Enigma of Reason<\/em> (Harvard UP et Penguin 2017).<\/p>\n<p>Il a dirig\u00e9 <em>Metarepresentations: A mutidisciplinary perspective<\/em> (Oxford University Press 2000) et co-dirig\u00e9 avec David Premack et Ann James Premack <em>Causal cognition: A multidisciplinary debate<\/em> (Oxford University Press 1995) et, avec Ira Noveck,<em> Experimental Pragmatics<\/em> (Palgrave 2004).<\/p>\n<p>Il a d\u00e9velopp\u00e9 une conception naturaliste de la culture sous le nom d&#8217;\u00e9pid\u00e9miologie des repr\u00e9sentations ou de th\u00e9orie de l&#8217;attraction culturelle. Avec Deirdre Wilson, il a d\u00e9velopp\u00e9 une conception cognitive de la communication sous le nom de th\u00e9orie de la pertinence. Avec Hugo Mercier, il a d\u00e9velopp\u00e9 une th\u00e9orie argumentative du raisonnement qu\u2019ils ont \u00e9largie \u00e0 une conception interactionniste de la raison humaine. L&#8217;\u00e9pid\u00e9miologie des repr\u00e9sentations, la th\u00e9orie de la pertinence, et la th\u00e9orie interactionniste de la raison ont chacune suscit\u00e9 de nouvelles recherches et aussi des controverses.<\/p>\n<p><a href=\"https:\/\/www.dan.sperber.fr\/wp-content\/uploads\/CV-Eng-2021.pdf\">CV<\/a><\/p>\n","protected":false},"excerpt":{"rendered":"<p>[&#8230;]<\/p>\n","protected":false},"author":1,"featured_media":0,"parent":0,"menu_order":0,"comment_status":"open","ping_status":"open","template":"","meta":[],"_links":{"self":[{"href":"https:\/\/www.dan.sperber.fr\/index.php?rest_route=\/wp\/v2\/pages\/4"}],"collection":[{"href":"https:\/\/www.dan.sperber.fr\/index.php?rest_route=\/wp\/v2\/pages"}],"about":[{"href":"https:\/\/www.dan.sperber.fr\/index.php?rest_route=\/wp\/v2\/types\/page"}],"author":[{"embeddable":true,"href":"https:\/\/www.dan.sperber.fr\/index.php?rest_route=\/wp\/v2\/users\/1"}],"replies":[{"embeddable":true,"href":"https:\/\/www.dan.sperber.fr\/index.php?rest_route=%2Fwp%2Fv2%2Fcomments&post=4"}],"version-history":[{"count":27,"href":"https:\/\/www.dan.sperber.fr\/index.php?rest_route=\/wp\/v2\/pages\/4\/revisions"}],"predecessor-version":[{"id":1863,"href":"https:\/\/www.dan.sperber.fr\/index.php?rest_route=\/wp\/v2\/pages\/4\/revisions\/1863"}],"wp:attachment":[{"href":"https:\/\/www.dan.sperber.fr\/index.php?rest_route=%2Fwp%2Fv2%2Fmedia&parent=4"}],"curies":[{"name":"wp","href":"https:\/\/api.w.org\/{rel}","templated":true}]}}